{"id":378,"date":"2022-12-17T22:57:28","date_gmt":"2022-12-18T04:57:28","guid":{"rendered":"https:\/\/www.renewable.c-escoto.com\/wp\/?page_id=159"},"modified":"2023-01-04T09:35:21","modified_gmt":"2023-01-04T15:35:21","slug":"variador-de-baja-tension","status":"publish","type":"page","link":"https:\/\/ups.cescoto.com\/index.php\/variador-de-baja-tension\/","title":{"rendered":"Variador de Baja Tensi\u00f3n"},"content":{"rendered":"\n\n\n<h5>V<span style=\"line-height: 0.5;\">ariado<span style=\"\"><\/span>r de baja te<span style=\"font-size:small;\"><\/span>nsi\u00f3n<\/span><\/h5>\n\n\n\n<figure class=\"wp-block-image\"><br><\/figure>\n\n\n\n<p>Goodrive Variador de INVT tiene un rendimiento excelente y una funci\u00f3n rica. Y es confiable y f\u00e1cil de usar con especificaciones completas. Es ampliamente utilizado en varios campos de aplicaci\u00f3n en m\u00e1s de 80 pa\u00edses, y generalmente es reconocido por los clientes.<\/p>\n\n\n\n<figure class=\"wp-block-image size-full\"><img decoding=\"async\" loading=\"lazy\" width=\"680\" height=\"470\" src=\"https:\/\/ups.cescoto.com\/wp-content\/uploads\/Data Center\/image-20.png\" alt=\"\" class=\"wp-image-690\" srcset=\"https:\/\/ups.cescoto.com\/wp-content\/uploads\/Data Center\/image-20.png 680w, https:\/\/ups.cescoto.com\/wp-content\/uploads\/Data Center\/image-20-300x207.png 300w\" sizes=\"auto, (max-width: 680px) 100vw, 680px\"><\/figure>\n\n\n\n<figure class=\"wp-block-image size-full\"><img decoding=\"async\" loading=\"lazy\" width=\"680\" height=\"470\" src=\"https:\/\/ups.cescoto.com\/wp-content\/uploads\/Data Center\/image-22.png\" alt=\"\" class=\"wp-image-693\" srcset=\"https:\/\/ups.cescoto.com\/wp-content\/uploads\/Data Center\/image-22.png 680w, https:\/\/ups.cescoto.com\/wp-content\/uploads\/Data Center\/image-22-300x207.png 300w\" sizes=\"auto, (max-width: 680px) 100vw, 680px\"><\/figure>\n\n\n\n<figure class=\"wp-block-image size-full\"><img decoding=\"async\" loading=\"lazy\" width=\"680\" height=\"470\" src=\"https:\/\/ups.cescoto.com\/wp-content\/uploads\/Data Center\/image-21.png\" alt=\"\" class=\"wp-image-692\" srcset=\"https:\/\/ups.cescoto.com\/wp-content\/uploads\/Data Center\/image-21.png 680w, https:\/\/ups.cescoto.com\/wp-content\/uploads\/Data Center\/image-21-300x207.png 300w\" sizes=\"auto, (max-width: 680px) 100vw, 680px\"><\/figure>\n\n\n\n<figure class=\"wp-block-image size-full\"><img decoding=\"async\" loading=\"lazy\" width=\"680\" height=\"470\" src=\"https:\/\/ups.cescoto.com\/wp-content\/uploads\/Data Center\/image-23.png\" alt=\"\" class=\"wp-image-694\" srcset=\"https:\/\/ups.cescoto.com\/wp-content\/uploads\/Data Center\/image-23.png 680w, https:\/\/ups.cescoto.com\/wp-content\/uploads\/Data Center\/image-23-300x207.png 300w\" sizes=\"auto, (max-width: 680px) 100vw, 680px\"><\/figure>\n\n\n\n<figure class=\"wp-block-image size-full\"><img decoding=\"async\" loading=\"lazy\" width=\"680\" height=\"470\" src=\"https:\/\/ups.cescoto.com\/wp-content\/uploads\/Data Center\/image-24.png\" alt=\"\" class=\"wp-image-695\" srcset=\"https:\/\/ups.cescoto.com\/wp-content\/uploads\/Data Center\/image-24.png 680w, https:\/\/ups.cescoto.com\/wp-content\/uploads\/Data Center\/image-24-300x207.png 300w\" sizes=\"auto, (max-width: 680px) 100vw, 680px\"><\/figure>\n\n\n\n<figure class=\"wp-block-image size-full\"><img decoding=\"async\" loading=\"lazy\" width=\"680\" height=\"470\" src=\"https:\/\/ups.cescoto.com\/wp-content\/uploads\/Data Center\/image-25.png\" alt=\"\" class=\"wp-image-696\" srcset=\"https:\/\/ups.cescoto.com\/wp-content\/uploads\/Data Center\/image-25.png 680w, https:\/\/ups.cescoto.com\/wp-content\/uploads\/Data Center\/image-25-300x207.png 300w\" sizes=\"auto, (max-width: 680px) 100vw, 680px\"><\/figure>\n\n\n\n<figure class=\"wp-block-image size-full\"><img decoding=\"async\" loading=\"lazy\" width=\"680\" height=\"470\" src=\"https:\/\/ups.cescoto.com\/wp-content\/uploads\/Data Center\/image-26.png\" alt=\"\" class=\"wp-image-697\" srcset=\"https:\/\/ups.cescoto.com\/wp-content\/uploads\/Data Center\/image-26.png 680w, https:\/\/ups.cescoto.com\/wp-content\/uploads\/Data Center\/image-26-300x207.png 300w\" sizes=\"auto, (max-width: 680px) 100vw, 680px\"><\/figure>\n\n\n\n<figure class=\"wp-block-image size-full\"><img decoding=\"async\" loading=\"lazy\" width=\"680\" height=\"470\" src=\"https:\/\/ups.cescoto.com\/wp-content\/uploads\/Data Center\/image-32.png\" alt=\"\" class=\"wp-image-705\" srcset=\"https:\/\/ups.cescoto.com\/wp-content\/uploads\/Data Center\/image-32.png 680w, https:\/\/ups.cescoto.com\/wp-content\/uploads\/Data Center\/image-32-300x207.png 300w\" sizes=\"auto, (max-width: 680px) 100vw, 680px\"><\/figure>\n\n\n\n<figure class=\"wp-block-image size-full\"><img decoding=\"async\" loading=\"lazy\" width=\"680\" height=\"470\" src=\"https:\/\/ups.cescoto.com\/wp-content\/uploads\/Data Center\/image-28.png\" alt=\"\" class=\"wp-image-699\" srcset=\"https:\/\/ups.cescoto.com\/wp-content\/uploads\/Data Center\/image-28.png 680w, https:\/\/ups.cescoto.com\/wp-content\/uploads\/Data Center\/image-28-300x207.png 300w\" sizes=\"auto, (max-width: 680px) 100vw, 680px\"><\/figure>\n\n\n\n<figure class=\"wp-block-image size-full\"><img decoding=\"async\" loading=\"lazy\" width=\"680\" height=\"470\" src=\"https:\/\/ups.cescoto.com\/wp-content\/uploads\/Data Center\/image-29.png\" alt=\"\" class=\"wp-image-700\" srcset=\"https:\/\/ups.cescoto.com\/wp-content\/uploads\/Data Center\/image-29.png 680w, https:\/\/ups.cescoto.com\/wp-content\/uploads\/Data Center\/image-29-300x207.png 300w\" sizes=\"auto, (max-width: 680px) 100vw, 680px\"><\/figure>\n\n\n\n<figure class=\"wp-block-image size-full\"><img decoding=\"async\" loading=\"lazy\" width=\"680\" height=\"470\" src=\"https:\/\/ups.cescoto.com\/wp-content\/uploads\/Data Center\/image-30.png\" alt=\"\" class=\"wp-image-701\" srcset=\"https:\/\/ups.cescoto.com\/wp-content\/uploads\/Data Center\/image-30.png 680w, https:\/\/ups.cescoto.com\/wp-content\/uploads\/Data Center\/image-30-300x207.png 300w\" sizes=\"auto, (max-width: 680px) 100vw, 680px\"><\/figure>\n\n\n\n<figure class=\"wp-block-image size-full\"><img decoding=\"async\" loading=\"lazy\" width=\"680\" height=\"470\" src=\"https:\/\/ups.cescoto.com\/wp-content\/uploads\/Data Center\/image-31.png\" alt=\"\" class=\"wp-image-702\" srcset=\"https:\/\/ups.cescoto.com\/wp-content\/uploads\/Data Center\/image-31.png 680w, https:\/\/ups.cescoto.com\/wp-content\/uploads\/Data Center\/image-31-300x207.png 300w\" sizes=\"auto, (max-width: 680px) 100vw, 680px\"><\/figure>\n\n\n\n<figure class=\"is-layout-flex wp-block-gallery-1 wp-block-gallery has-nested-images columns-default is-cropped\"><\/figure>\n\n\n","protected":false},"excerpt":{"rendered":"","protected":false},"author":1,"featured_media":0,"parent":0,"menu_order":0,"comment_status":"closed","ping_status":"closed","template":"","meta":{"pagelayer_contact_templates":[],"_pagelayer_content":"","footnotes":""},"class_list":["post-378","page","type-page","status-publish","hentry"],"_links":{"self":[{"href":"https:\/\/ups.cescoto.com\/index.php\/wp-json\/wp\/v2\/pages\/378","targetHints":{"allow":["GET"]}}],"collection":[{"href":"https:\/\/ups.cescoto.com\/index.php\/wp-json\/wp\/v2\/pages"}],"about":[{"href":"https:\/\/ups.cescoto.com\/index.php\/wp-json\/wp\/v2\/types\/page"}],"author":[{"embeddable":true,"href":"https:\/\/ups.cescoto.com\/index.php\/wp-json\/wp\/v2\/users\/1"}],"replies":[{"embeddable":true,"href":"https:\/\/ups.cescoto.com\/index.php\/wp-json\/wp\/v2\/comments?post=378"}],"version-history":[{"count":4,"href":"https:\/\/ups.cescoto.com\/index.php\/wp-json\/wp\/v2\/pages\/378\/revisions"}],"predecessor-version":[{"id":709,"href":"https:\/\/ups.cescoto.com\/index.php\/wp-json\/wp\/v2\/pages\/378\/revisions\/709"}],"wp:attachment":[{"href":"https:\/\/ups.cescoto.com\/index.php\/wp-json\/wp\/v2\/media?parent=378"}],"curies":[{"name":"wp","href":"https:\/\/api.w.org\/{rel}","templated":true}]}}