{"id":353,"date":"2022-12-17T22:26:31","date_gmt":"2022-12-18T04:26:31","guid":{"rendered":"https:\/\/www.renewable.c-escoto.com\/wp\/?page_id=117"},"modified":"2023-01-15T09:47:47","modified_gmt":"2023-01-15T15:47:47","slug":"variador-de-frecuencia","status":"publish","type":"page","link":"https:\/\/ups.cescoto.com\/index.php\/variador-de-frecuencia\/","title":{"rendered":"Variador de Frecuencia"},"content":{"rendered":"\n<p><\/p>\n\n\n\n<div class=\"wp-block-media-text alignwide is-stacked-on-mobile\"><figure class=\"wp-block-media-text__media\"><\/figure><div class=\"wp-block-media-text__content\">\n<p><a href=\"https:\/\/www.invt.com\/es\/low-voltage-drives\"><br>Variador de baja tensi\u00f3n<\/a><\/p>\n\n\n\n<p>Goodrive Variador de INVT tiene un rendimiento excelente y una funci\u00f3n rica. Y es confiable y f\u00e1cil de usar con especificaciones completas. Es&#8230;<\/p>\n\n\n\n<p><a href=\"https:\/\/www.invt.com\/es\/products\/gd20-series-vfd-drive-14\">Variador econ\u00f3mico de frecuencia vectorial de lazo abierto de la serie GD20<\/a><a href=\"https:\/\/www.invt.com\/es\/products\/gd20la-vfd-192\">Serie GD20-LA Control Vectorial VFD de Prop\u00f3sito General<\/a><a href=\"https:\/\/www.invt.com\/es\/products\/gd200a-series-vfd-drive-21\">Variador universal de frecuencia vectorial de lazo abierto de la serie GD200A<\/a><a href=\"https:\/\/www.invt.com\/es\/products\/gd350-series-vfd-drive-16\">GD350 Series High-performance Drive<\/a><a href=\"https:\/\/www.invt.com\/es\/products\/gd300-series-vfd-drive-22\">Variador de frecuencia vectorial de lazo abierto de alta funci\u00f3n de la serie GD300<\/a><a href=\"https:\/\/www.invt.com\/es\/products\/gd10-series-vfd-drive-13\">Mini variador de frecuencia econ\u00f3mico de la serie GD10<\/a><a href=\"https:\/\/www.invt.com\/es\/products\/gd20-ul-series-vfd-drive-19\">Mini variador de frecuencia de control vector de la serie GD20-UL<\/a><a href=\"https:\/\/www.invt.com\/es\/products\/gd800-series-vfd-drive-23\">Variador de frecuencia de transmisi\u00f3n de ingenier\u00eda de la serie GD800<\/a><a href=\"https:\/\/www.invt.com\/es\/products\/gd310-series-vfd-drive-24\">Variador universal de frecuencia de control vectorial de la serie GD310<\/a><a href=\"https:\/\/www.invt.com\/es\/products\/gd35-series-vfd-drive-20\">Variador de frecuencia vectorial de lazo cerrado de alta funci\u00f3n de la serie GD35<\/a><a href=\"https:\/\/www.invt.com\/es\/products\/gd20-eu-series-vfd-drive-18\">Variador de frecuencia de la serie GD20-EU<\/a><a href=\"https:\/\/www.invt.com\/es\/products\/gd600-series-vfd-drive-17\">Variador de frecuencia de multi-transmisi\u00f3n de<\/a><\/p>\n<\/div><\/div>\n\n\n\n<p class=\"has-text-align-center has-pale-ocean-gradient-background has-background\">Soluciones Fabricantes de Equipo Original OEM &amp; Usuarios Finales EU<\/p>\n\n\n\n<figure class=\"wp-block-table aligncenter\"><table class=\"has-white-color has-pale-cyan-blue-background-color has-text-color has-background has-fixed-layout\"><thead><tr><th>OEM<\/th><th>OEM<\/th><th>EU<\/th><th>EU<\/th><\/tr><\/thead><tbody><tr><td>Ascensores y Escaleras Mec\u00e1nicas<\/td><td>Compresor de aire<\/td><td>Poder<\/td><td>Az\u00facar<\/td><\/tr><tr><td>Gr\u00faa y elevador<\/td><td>Textil<\/td><td>Cemento y Cer\u00e1mica<\/td><td>Miner\u00eda<\/td><\/tr><tr><td>Impresi\u00f3n y embalaje<\/td><td>Caucho y pl\u00e1stico<\/td><td>Agua y aguas residuales<\/td><td>Metal y Metalurgia<\/td><\/tr><tr><td>Electr\u00f3nica<\/td><td>Bomba solar<\/td><td>Petroqu\u00edmico<\/td><td>Puerto<\/td><\/tr><tr><td>Herramienta de m\u00e1quina<\/td><td>IOT<\/td><td>Productos qu\u00edmicos<\/td><td>Fabricaci\u00f3n de papel<\/td><\/tr><tr><td>Rob\u00f3tica<\/td><td><\/td><td>Uso p\u00fablico<\/td><td>Veh\u00edculo el\u00e9ctrico<\/td><\/tr><tr><td><\/td><td><\/td><td>Tr\u00e1nsito ferroviario<\/td><td><\/td><\/tr><\/tbody><\/table><\/figure>\n","protected":false},"excerpt":{"rendered":"<p>Variador de baja tensi\u00f3n Goodrive Variador de INVT tiene un rendimiento excelente y una funci\u00f3n rica. Y es confiable y f\u00e1cil de usar con especificaciones completas. Es&#8230; Variador econ\u00f3mico de frecuencia vectorial de lazo abierto de la serie GD20Serie GD20-LA Control Vectorial VFD de Prop\u00f3sito GeneralVariador universal de frecuencia vectorial de lazo abierto de la [&hellip;]<\/p>\n","protected":false},"author":1,"featured_media":0,"parent":0,"menu_order":0,"comment_status":"closed","ping_status":"closed","template":"","meta":{"pagelayer_contact_templates":[],"_pagelayer_content":"","footnotes":""},"class_list":["post-353","page","type-page","status-publish","hentry"],"_links":{"self":[{"href":"https:\/\/ups.cescoto.com\/index.php\/wp-json\/wp\/v2\/pages\/353","targetHints":{"allow":["GET"]}}],"collection":[{"href":"https:\/\/ups.cescoto.com\/index.php\/wp-json\/wp\/v2\/pages"}],"about":[{"href":"https:\/\/ups.cescoto.com\/index.php\/wp-json\/wp\/v2\/types\/page"}],"author":[{"embeddable":true,"href":"https:\/\/ups.cescoto.com\/index.php\/wp-json\/wp\/v2\/users\/1"}],"replies":[{"embeddable":true,"href":"https:\/\/ups.cescoto.com\/index.php\/wp-json\/wp\/v2\/comments?post=353"}],"version-history":[{"count":10,"href":"https:\/\/ups.cescoto.com\/index.php\/wp-json\/wp\/v2\/pages\/353\/revisions"}],"predecessor-version":[{"id":1052,"href":"https:\/\/ups.cescoto.com\/index.php\/wp-json\/wp\/v2\/pages\/353\/revisions\/1052"}],"wp:attachment":[{"href":"https:\/\/ups.cescoto.com\/index.php\/wp-json\/wp\/v2\/media?parent=353"}],"curies":[{"name":"wp","href":"https:\/\/api.w.org\/{rel}","templated":true}]}}