{"id":351,"date":"2022-12-17T17:24:30","date_gmt":"2022-12-17T23:24:30","guid":{"rendered":"https:\/\/www.renewable.c-escoto.com\/wp\/?page_id=114"},"modified":"2023-03-12T14:38:07","modified_gmt":"2023-03-12T20:38:07","slug":"supervision","status":"publish","type":"page","link":"https:\/\/ups.cescoto.com\/index.php\/supervision\/","title":{"rendered":"Supervisi\u00f3n Fotovolta\u00edca"},"content":{"rendered":"\n<p>La plataforma de monitoreo remoto del sistema de energ\u00eda fotovoltaica InfoExpert de &nbsp;iMars es una nueva generaci\u00f3n de plataforma de monitoreo de redes fotovoltaicas desarrollada por INVT. Incluye monitoreo de energ\u00eda, administraci\u00f3n de energ\u00eda, equipo de procesamiento de fallas, capacidad de generaci\u00f3n de energ\u00eda y funciones de an\u00e1lisis de fecha de ingresos de inversi\u00f3n. Proporciona administraci\u00f3n de energ\u00eda profesional y un esquema inteligente de operaci\u00f3n y mantenimiento para distribuidores y usuarios finales.<\/p>\n\n\n\n<p><a href=\"https:\/\/www.invt.com\/es\/products\/solar-system-design-software-113\"><\/a><\/p>\n\n\n\n<figure class=\"wp-block-gallery has-nested-images columns-default is-cropped wp-block-gallery-1 is-layout-flex wp-block-gallery-is-layout-flex\">\n<figure class=\"wp-block-image size-large\"><img decoding=\"async\" src=\"https:\/\/www.invt.com\/uploads\/img1\/20200408\/5e8d6683dde8b.png\"\/><figcaption class=\"wp-element-caption\">Solar System Design Software<\/figcaption><\/figure>\n\n\n\n<figure class=\"wp-block-image size-large\"><img decoding=\"async\" src=\"https:\/\/www.invt.com\/uploads\/img1\/20200408\/5e8d65b2ce4c0.png\"\/><figcaption class=\"wp-element-caption\">iMars WinExpert<\/figcaption><\/figure>\n\n\n\n<figure class=\"wp-block-image size-large\"><img decoding=\"async\" src=\"https:\/\/www.invt.com\/uploads\/img1\/20200408\/5e8d654a2d4c5.png\"\/><figcaption class=\"wp-element-caption\">iMars PhoneExpert<\/figcaption><\/figure>\n<\/figure>\n","protected":false},"excerpt":{"rendered":"<p>La plataforma de monitoreo remoto del sistema de energ\u00eda fotovoltaica InfoExpert de &nbsp;iMars es una nueva generaci\u00f3n de plataforma de monitoreo de redes fotovoltaicas desarrollada por INVT. Incluye monitoreo de energ\u00eda, administraci\u00f3n de energ\u00eda, equipo de procesamiento de fallas, capacidad de generaci\u00f3n de energ\u00eda y funciones de an\u00e1lisis de fecha de ingresos de inversi\u00f3n. Proporciona [&hellip;]<\/p>\n","protected":false},"author":1,"featured_media":0,"parent":0,"menu_order":0,"comment_status":"closed","ping_status":"closed","template":"","meta":{"pagelayer_contact_templates":[],"_pagelayer_content":"","footnotes":""},"class_list":["post-351","page","type-page","status-publish","hentry"],"_links":{"self":[{"href":"https:\/\/ups.cescoto.com\/index.php\/wp-json\/wp\/v2\/pages\/351","targetHints":{"allow":["GET"]}}],"collection":[{"href":"https:\/\/ups.cescoto.com\/index.php\/wp-json\/wp\/v2\/pages"}],"about":[{"href":"https:\/\/ups.cescoto.com\/index.php\/wp-json\/wp\/v2\/types\/page"}],"author":[{"embeddable":true,"href":"https:\/\/ups.cescoto.com\/index.php\/wp-json\/wp\/v2\/users\/1"}],"replies":[{"embeddable":true,"href":"https:\/\/ups.cescoto.com\/index.php\/wp-json\/wp\/v2\/comments?post=351"}],"version-history":[{"count":2,"href":"https:\/\/ups.cescoto.com\/index.php\/wp-json\/wp\/v2\/pages\/351\/revisions"}],"predecessor-version":[{"id":2047,"href":"https:\/\/ups.cescoto.com\/index.php\/wp-json\/wp\/v2\/pages\/351\/revisions\/2047"}],"wp:attachment":[{"href":"https:\/\/ups.cescoto.com\/index.php\/wp-json\/wp\/v2\/media?parent=351"}],"curies":[{"name":"wp","href":"https:\/\/api.w.org\/{rel}","templated":true}]}}