{"id":325,"date":"2022-12-14T19:59:49","date_gmt":"2022-12-14T19:59:49","guid":{"rendered":"https:\/\/www.renewable.c-escoto.com\/wp\/about\/"},"modified":"2023-03-16T08:41:45","modified_gmt":"2023-03-16T14:41:45","slug":"about-2","status":"publish","type":"page","link":"https:\/\/ups.cescoto.com\/index.php\/about-2\/","title":{"rendered":"About Us"},"content":{"rendered":"\n<p>Empresa de soluciones basadas en An\u00e1lisis de Sistemas e Ingenier\u00eda.<\/p>\n\n\n\n<p>Servimos Todos Los Sectores Econ\u00f3micos<\/p>\n\n\n\n<p>Lo Primero es Primero, La Seguridad de Las Personas.&nbsp;<\/p>\n\n\n\n<figure class=\"wp-block-image size-large\"><img decoding=\"async\" src=\"https:\/\/ups.cescoto.com\/wp-content\/uploads\/2023\/03\/VINVTPeople2-1024x576.jpg\" alt=\"\" class=\"wp-image-2032\"\/><\/figure>\n\n\n\n<figure class=\"wp-block-image size-full\"><img decoding=\"async\" src=\"https:\/\/ups.cescoto.com\/wp-content\/uploads\/2023\/03\/image-5.jpg\" alt=\"\" class=\"wp-image-2041\"\/><\/figure>\n\n\n\n<figure class=\"wp-block-image size-large\"><img decoding=\"async\" src=\"https:\/\/ups.cescoto.com\/wp-content\/uploads\/2023\/03\/VINVT-F5-1024x576.jpg\" alt=\"\" class=\"wp-image-1983\"\/><\/figure>\n\n\n\n<figure class=\"wp-block-image size-large\"><img decoding=\"async\" src=\"https:\/\/ups.cescoto.com\/wp-content\/uploads\/2023\/03\/VINVT-F6-1024x576.jpg\" alt=\"\" class=\"wp-image-1984\"\/><\/figure>\n\n\n\n<figure class=\"wp-block-image size-large\"><img decoding=\"async\" src=\"https:\/\/ups.cescoto.com\/wp-content\/uploads\/2023\/03\/VINVTPeople1-1024x578.jpg\" alt=\"\" class=\"wp-image-2033\"\/><\/figure>\n\n\n\n<figure class=\"wp-block-image size-large\"><img decoding=\"async\" src=\"https:\/\/ups.cescoto.com\/wp-content\/uploads\/2023\/03\/VINVTPeople3-1024x548.jpg\" alt=\"\" class=\"wp-image-2034\"\/><\/figure>\n\n\n\n<figure class=\"wp-block-image size-large\"><img decoding=\"async\" src=\"https:\/\/ups.cescoto.com\/wp-content\/uploads\/2023\/03\/VINVT-F29-1-1024x575.jpg\" alt=\"\" class=\"wp-image-2035\"\/><\/figure>\n\n\n\n<figure class=\"wp-block-image size-full\"><img decoding=\"async\" src=\"https:\/\/ups.cescoto.com\/wp-content\/uploads\/2023\/03\/image.jpg\" alt=\"\" class=\"wp-image-2036\"\/><\/figure>\n\n\n\n<figure class=\"wp-block-image size-full\"><img decoding=\"async\" src=\"https:\/\/ups.cescoto.com\/wp-content\/uploads\/2023\/03\/image-1.jpg\" alt=\"\" class=\"wp-image-2037\"\/><\/figure>\n\n\n\n<figure class=\"wp-block-image size-full\"><img decoding=\"async\" src=\"https:\/\/ups.cescoto.com\/wp-content\/uploads\/2023\/03\/image-2.jpg\" alt=\"\" class=\"wp-image-2038\"\/><\/figure>\n\n\n\n<figure class=\"wp-block-image size-full\"><img decoding=\"async\" src=\"https:\/\/ups.cescoto.com\/wp-content\/uploads\/2023\/03\/image-3.jpg\" alt=\"\" class=\"wp-image-2039\"\/><\/figure>\n\n\n\n<figure class=\"wp-block-image size-full\"><img decoding=\"async\" src=\"https:\/\/ups.cescoto.com\/wp-content\/uploads\/2023\/03\/image-4.jpg\" alt=\"\" class=\"wp-image-2040\"\/><\/figure>\n\n\n\n<p>\u00a0\u00a0\u00a0\u00a0 Lo Primero es Primero, La Seguridad de Las Personas<\/p>\n\n\n\n<p>Empresa de soluciones basadas en An\u00e1lisis de Sistemas e Ingenier\u00eda.<\/p>\n\n\n\n<p>Nuestros Ejes de Servicio<\/p>\n\n\n\n<figure class=\"wp-block-table\"><table class=\"has-fixed-layout\"><tbody><tr><td>Architecture<\/td><td>Civil Engineering<\/td><td>Critical Power<\/td><\/tr><tr><td>Financial Medical Devices &amp; Hospitals Total Solution <\/td><td>Industry Automation<\/td><td>Integrated Data center Solutions<\/td><\/tr><tr><td>Medical Engineering<\/td><td>Precision Air Conditioner<\/td><td>Renewable Energy<br> Solar Panels <br> Rail Transit <br> Electric Vehicles<\/td><\/tr><tr><td>System Analysis Zero Base &amp; Up<\/td><td><\/td><td><\/td><\/tr><\/tbody><\/table><\/figure>\n\n\n\n<p>Historial de m\u00e1s de 35 a\u00f1os de experiencia en Calidad de La Energ\u00eda El\u00e9ctrica, nace en octubre del 2020, reactivar operaciones, con seis divisiones, un equipo de ingenieros y arquitectos, personal t\u00e9cnico capacitado a nivel nacional e internacional; gracias a nuestros clientes y aliados extranjeros, garantizamos soluciones de calidad, dando como resultado la m\u00e1xima operatividad en el negocio de nuestros clientes. Recurso humano conformado por personal de empresas nacionales y extranjeras aliadas, equipo y herramientas que permiten obtener un diagn\u00f3stico eficaz y soluciones eficientes, dise\u00f1ando y fabricando sistemas y componentes necesarios para mantener un ambiente de trabajo adecuado y seguro.<\/p>\n\n\n\n<p>A quienes servimos:<\/p>\n\n\n\n<p>Centros de C\u00f3mputo, Cuartos de Mando-Control-Supervisi\u00f3n de Procesos Industriales, Centrales de Telecomunicaciones, Radio, TV, Centrales de Energ\u00eda El\u00e9ctrica, Control de Calidad y Supervisi\u00f3n de Obras Civiles, Sector Salud, ofreciendo soluciones M\u00e9dico-Hospitalario-Laboratorio y dem\u00e1s aplicaciones cr\u00edticas que lo requieren para el bienestar, salud y proteger la vida de las personas.<\/p>\n\n\n\n<p><strong>\u00cdndice de Contenido P\u00e1ginas del Sitio<\/strong><\/p>\n\n\n\n<ul class=\"wp-block-list\">\n<li><a href=\"https:\/\/ups.cescoto.com\/index.php\/about-2\/\">About Us<\/a><\/li>\n\n\n\n<li><a href=\"https:\/\/ups.cescoto.com\/index.php\/accesorios-elevadores\/\">Accesorios Elevadores<\/a><\/li>\n\n\n\n<li><a href=\"https:\/\/ups.cescoto.com\/index.php\/accesorios-inversor\/\">Accesorios Inversor<\/a><\/li>\n\n\n\n<li><a href=\"https:\/\/ups.cescoto.com\/index.php\/aire-precision\/\">Aire Acondicionado Precisi\u00f3n<\/a><\/li>\n\n\n\n<li><a href=\"https:\/\/ups.cescoto.com\/index.php\/analisis-de-sistemas\/\">An\u00e1lisis de Sistemas<\/a><\/li>\n\n\n\n<li><a href=\"https:\/\/ups.cescoto.com\/index.php\/anestesia\/\">Anestesia<\/a><\/li>\n\n\n\n<li><a href=\"https:\/\/ups.cescoto.com\/index.php\/arquitectura\/\">Arquitectura<\/a><\/li>\n\n\n\n<li><a href=\"https:\/\/ups.cescoto.com\/index.php\/automatizacion-industrial\/\">Automatizaci\u00f3n Industrial<\/a>\n<ul class=\"wp-block-list\">\n<li><a href=\"https:\/\/ups.cescoto.com\/index.php\/automatizacion-industrial\/control-de-movimiento\/\">Control de Movimiento<\/a>\n<ul class=\"wp-block-list\">\n<li><a href=\"https:\/\/ups.cescoto.com\/index.php\/automatizacion-industrial\/control-de-movimiento\/controlador-de-movimiento\/\">Controlador de Movimiento<\/a><\/li>\n<\/ul>\n<\/li>\n<\/ul>\n<\/li>\n\n\n\n<li><a href=\"https:\/\/ups.cescoto.com\/index.php\/bus-de-campo\/\">Bus de campo<\/a><\/li>\n\n\n\n<li><a href=\"https:\/\/ups.cescoto.com\/index.php\/calidad-normas\/\">Calidad Normas<\/a><\/li>\n\n\n\n<li><a href=\"https:\/\/ups.cescoto.com\/index.php\/contact\/\">Contactenos<\/a><\/li>\n\n\n\n<li><a href=\"https:\/\/ups.cescoto.com\/index.php\/control-calidad\/\">Control Calidad<\/a><\/li>\n\n\n\n<li><a href=\"https:\/\/ups.cescoto.com\/index.php\/criogenia\/\">Criogenia MedLab<\/a><\/li>\n\n\n\n<li><a href=\"https:\/\/ups.cescoto.com\/index.php\/data-center\/\">Data Center Solutions<\/a><\/li>\n\n\n\n<li><a href=\"https:\/\/ups.cescoto.com\/index.php\/diagnostico-molecular\/\">Diagn\u00f3stico Molecular Personas y Animales IVD<\/a><\/li>\n\n\n\n<li><a href=\"https:\/\/ups.cescoto.com\/index.php\/diseno-laboratorios-pcr\/\">Dise\u00f1o Laboratorios PCR<\/a><\/li>\n\n\n\n<li><a href=\"https:\/\/ups.cescoto.com\/index.php\/energia-renovable\/\">Energ\u00eda Renovable<\/a><\/li>\n\n\n\n<li><a href=\"https:\/\/ups.cescoto.com\/index.php\/blog\/\">Entradas-Blog<\/a><\/li>\n\n\n\n<li><a href=\"https:\/\/ups.cescoto.com\/index.php\/escoto-tradicional\/\">Escoto 1942<\/a><\/li>\n\n\n\n<li><a href=\"https:\/\/ups.cescoto.com\/index.php\/escoto-2023\/\">Escoto 2023<\/a><\/li>\n\n\n\n<li><a href=\"https:\/\/ups.cescoto.com\/index.php\/financiamiento-hospitales-y-equipo\/\">Financiamiento Hospitales y Equipo<\/a><\/li>\n\n\n\n<li><a href=\"https:\/\/ups.cescoto.com\/index.php\/home-2\/\">Home<\/a>\n<ul class=\"wp-block-list\">\n<li><a href=\"https:\/\/ups.cescoto.com\/index.php\/home-2\/contact\/\">Contacto<\/a><\/li>\n<\/ul>\n<\/li>\n\n\n\n<li><a href=\"https:\/\/ups.cescoto.com\/index.php\/ingenieria-medica\/\">Ingenier\u00eda M\u00e9dica<\/a><\/li>\n\n\n\n<li><a href=\"https:\/\/ups.cescoto.com\/index.php\/inversor-2\/\">Inversor<\/a><\/li>\n\n\n\n<li><a href=\"https:\/\/ups.cescoto.com\/index.php\/inversor-en-red\/\">Inversor en Red<\/a><\/li>\n\n\n\n<li><a href=\"https:\/\/ups.cescoto.com\/index.php\/inversor-fuera-de-la-red-2\/\">Inversor fuera de la Red<\/a><\/li>\n\n\n\n<li><a href=\"https:\/\/ups.cescoto.com\/index.php\/inversor-hibrido\/\">Inversor H\u00edbrido<\/a><\/li>\n\n\n\n<li><a href=\"https:\/\/ups.cescoto.com\/index.php\/inversores-solares\/\">Inversores Solares<\/a><\/li>\n\n\n\n<li><a href=\"https:\/\/ups.cescoto.com\/index.php\/iots\/\">IoTs<\/a><\/li>\n\n\n\n<li><a href=\"https:\/\/ups.cescoto.com\/\">Nuestros Servicios<\/a><\/li>\n\n\n\n<li><a href=\"https:\/\/ups.cescoto.com\/index.php\/obras-civiles\/\">Obras Civiles<\/a><\/li>\n\n\n\n<li><a href=\"https:\/\/ups.cescoto.com\/index.php\/otros-productos\/\">Otros Productos<\/a><\/li>\n\n\n\n<li><a href=\"https:\/\/ups.cescoto.com\/index.php\/our-mission-2\/\">Our Mission<\/a><\/li>\n\n\n\n<li><a href=\"https:\/\/ups.cescoto.com\/index.php\/pagina-pruebas\/\">P\u00e1gina Pruebas<\/a><\/li>\n\n\n\n<li><a href=\"https:\/\/ups.cescoto.com\/index.php\/paneles-solares\/\">Paneles Solares<\/a><\/li>\n\n\n\n<li><a href=\"https:\/\/ups.cescoto.com\/index.php\/plc-y-hmi\/\">PLC y HMI<\/a><\/li>\n\n\n\n<li><a href=\"https:\/\/ups.cescoto.com\/index.php\/servo-sistema-especial\/\">Servo Sistema Especial<\/a><\/li>\n\n\n\n<li><a href=\"https:\/\/ups.cescoto.com\/index.php\/servo-sistema-general\/\">Servo Sistema General<\/a><\/li>\n\n\n\n<li><a href=\"https:\/\/ups.cescoto.com\/index.php\/servo-sistema-hidraulico\/\">Servo Sistema Hidr\u00e1ulico<\/a><\/li>\n\n\n\n<li><a href=\"https:\/\/ups.cescoto.com\/index.php\/sistema-de-control-del-elevdor\/\">Sistema de control del elevador<\/a><\/li>\n\n\n\n<li><a href=\"https:\/\/ups.cescoto.com\/index.php\/solar-kits\/\">Solar Kits<\/a><\/li>\n\n\n\n<li><a href=\"https:\/\/ups.cescoto.com\/index.php\/solociones-eu\/\">Soluciones EU<\/a><\/li>\n\n\n\n<li><a href=\"https:\/\/ups.cescoto.com\/index.php\/soluciones-oem\/\">Soluciones OEM<\/a><\/li>\n\n\n\n<li><a href=\"https:\/\/ups.cescoto.com\/index.php\/soluciones-oem-eu\/\">Soluciones OEM EU<\/a><\/li>\n\n\n\n<li><a href=\"https:\/\/ups.cescoto.com\/index.php\/supervision\/\">Supervisi\u00f3n<\/a><\/li>\n\n\n\n<li><a href=\"https:\/\/ups.cescoto.com\/index.php\/supervision-2\/\">Supervisi\u00f3n<\/a><\/li>\n\n\n\n<li><a href=\"https:\/\/ups.cescoto.com\/index.php\/transito-ferroviario\/\">Tr\u00e1nsito Ferroviario<\/a><\/li>\n\n\n\n<li><a href=\"https:\/\/ups.cescoto.com\/index.php\/unidad-especial\/\">Unidad Especial<\/a><\/li>\n\n\n\n<li><a href=\"https:\/\/ups.cescoto.com\/index.php\/home\/\">UPS Network Power &amp; Storage &amp; Renewable Energy<\/a><\/li>\n\n\n\n<li><a href=\"https:\/\/ups.cescoto.com\/index.php\/ups-de-208v-y-120v\/\">UPS de 208V y 120V<\/a><\/li>\n\n\n\n<li><a href=\"https:\/\/ups.cescoto.com\/index.php\/ups-independiente-33\/\">UPS Independiente 3:3 380V\/400V\/420<\/a><\/li>\n\n\n\n<li><a href=\"https:\/\/ups.cescoto.com\/index.php\/ups-modular-380v-400v-420v\/\">UPS Modular 380V\/400V\/420V\/480V<\/a><\/li>\n\n\n\n<li><a href=\"https:\/\/ups.cescoto.com\/index.php\/ups-monofasico\/\">UPS Monof\u00e1sico 220V\/230V\/240V<\/a><\/li>\n\n\n\n<li><a href=\"https:\/\/ups.cescoto.com\/index.php\/variador-de-baja-tension\/\">Variador de Baja Tensi\u00f3n<\/a><\/li>\n\n\n\n<li><a href=\"https:\/\/ups.cescoto.com\/index.php\/variador-de-frecuencia\/\">Variador de Frecuencia<\/a><\/li>\n\n\n\n<li><a href=\"https:\/\/ups.cescoto.com\/index.php\/variador-de-media-tension\/\">Variador de Media Tensi\u00f3n<\/a><\/li>\n\n\n\n<li><a href=\"https:\/\/ups.cescoto.com\/index.php\/vehiculos-electricos-y-transito-ferroviario\/\">Vehiculos Electricos y Tr\u00e1nsito Ferroviario<\/a><\/li>\n<\/ul>\n","protected":false},"excerpt":{"rendered":"<p>Empresa de soluciones basadas en An\u00e1lisis de Sistemas e Ingenier\u00eda. Servimos Todos Los Sectores Econ\u00f3micos Lo Primero es Primero, La Seguridad de Las Personas.&nbsp; \u00a0\u00a0\u00a0\u00a0 Lo Primero es Primero, La Seguridad de Las Personas Empresa de soluciones basadas en An\u00e1lisis de Sistemas e Ingenier\u00eda. Nuestros Ejes de Servicio Architecture Civil Engineering Critical Power Financial Medical [&hellip;]<\/p>\n","protected":false},"author":1,"featured_media":0,"parent":0,"menu_order":0,"comment_status":"closed","ping_status":"closed","template":"","meta":{"pagelayer_contact_templates":[],"_pagelayer_content":"","footnotes":""},"class_list":["post-325","page","type-page","status-publish","hentry"],"_links":{"self":[{"href":"https:\/\/ups.cescoto.com\/index.php\/wp-json\/wp\/v2\/pages\/325","targetHints":{"allow":["GET"]}}],"collection":[{"href":"https:\/\/ups.cescoto.com\/index.php\/wp-json\/wp\/v2\/pages"}],"about":[{"href":"https:\/\/ups.cescoto.com\/index.php\/wp-json\/wp\/v2\/types\/page"}],"author":[{"embeddable":true,"href":"https:\/\/ups.cescoto.com\/index.php\/wp-json\/wp\/v2\/users\/1"}],"replies":[{"embeddable":true,"href":"https:\/\/ups.cescoto.com\/index.php\/wp-json\/wp\/v2\/comments?post=325"}],"version-history":[{"count":9,"href":"https:\/\/ups.cescoto.com\/index.php\/wp-json\/wp\/v2\/pages\/325\/revisions"}],"predecessor-version":[{"id":2091,"href":"https:\/\/ups.cescoto.com\/index.php\/wp-json\/wp\/v2\/pages\/325\/revisions\/2091"}],"wp:attachment":[{"href":"https:\/\/ups.cescoto.com\/index.php\/wp-json\/wp\/v2\/media?parent=325"}],"curies":[{"name":"wp","href":"https:\/\/api.w.org\/{rel}","templated":true}]}}