{"id":199,"date":"2022-12-17T23:22:50","date_gmt":"2022-12-17T23:22:50","guid":{"rendered":"https:\/\/www.renewable.c-escoto.com\/wp\/?page_id=199"},"modified":"2023-01-20T13:22:45","modified_gmt":"2023-01-20T19:22:45","slug":"ups-de-208v-y-120v","status":"publish","type":"page","link":"https:\/\/ups.cescoto.com\/index.php\/ups-de-208v-y-120v\/","title":{"rendered":"UPS de 208V y 120V"},"content":{"rendered":"\n<h2 class=\"wp-block-heading\">UPS de 208V y 120V<\/h2>\n\n\n\n<p>Rango de capacidad 1-400KVA. &nbsp;Caracter\u00edsticas: con alto rendimiento y fiabilidad. Es totalmente controlado por DSP y tecnolog\u00eda PFC para proporcionar un suministro de energ\u00eda confiable a cargas clave. &nbsp;Aplicaci\u00f3n: centro de datos moderno, hospital, oficina, banco, red, estaci\u00f3n de comunicaci\u00f3n de telecomunicaciones, etc. Certificaci\u00f3n: CE, RoHS.<\/p>\n\n\n\n<p><\/p>\n\n\n\n<div class=\"wp-block-columns is-layout-flex wp-container-core-columns-is-layout-9d6595d7 wp-block-columns-is-layout-flex\">\n<div class=\"wp-block-column is-layout-flow wp-block-column-is-layout-flow\" style=\"flex-basis:100%\">\n<figure class=\"wp-block-gallery has-nested-images columns-default is-cropped wp-block-gallery-1 is-layout-flex wp-block-gallery-is-layout-flex\">\n<figure class=\"wp-block-image size-large\"><img decoding=\"async\" src=\"https:\/\/www.invt.com\/uploads\/img1\/20200408\/5e8de1418aa95.jpg\" alt=\"\"\/><figcaption class=\"wp-element-caption\">DM Series Modular Online UPS 30-300kVA (200V\/208V\/220V)<\/figcaption><\/figure>\n\n\n\n<figure class=\"wp-block-image size-large\"><img decoding=\"async\" src=\"https:\/\/www.invt.com\/uploads\/img1\/20200408\/5e8de11859cdb.jpg\" alt=\"\"\/><figcaption class=\"wp-element-caption\">DM Series Modular Online UPS 30-300kVA (200V\/208V\/220V)<\/figcaption><\/figure>\n\n\n\n<figure class=\"wp-block-image size-large\"><img decoding=\"async\" src=\"https:\/\/www.invt.com\/uploads\/img1\/20200408\/5e8de0da2df91.jpg\" alt=\"\"\/><figcaption class=\"wp-element-caption\">DM Series Modular Online UPS 10-50kVA (200V\/208V\/220V)<\/figcaption><\/figure>\n\n\n\n<figure class=\"wp-block-image size-large\"><img decoding=\"async\" src=\"https:\/\/www.invt.com\/uploads\/img1\/20200408\/5e8de0b8acf45.jpg\" alt=\"\"\/><figcaption class=\"wp-element-caption\">HRL11 Series Rack Online UPS 0.5-6kVA (110V\/120V\/127V)<\/figcaption><\/figure>\n\n\n\n<figure class=\"wp-block-image size-large\"><img decoding=\"async\" src=\"https:\/\/www.invt.com\/uploads\/img1\/20200408\/5e8de097876c7.jpg\" alt=\"\"\/><figcaption class=\"wp-element-caption\">HTL11 Series Tower Online UPS 0.5-2kVA (110V\/120V\/127V)<\/figcaption><\/figure>\n\n\n\n<figure class=\"wp-block-image size-large\"><img decoding=\"async\" src=\"https:\/\/www.invt.com\/uploads\/img1\/20200408\/5e8de07b62faa.jpg\" alt=\"\"\/><figcaption class=\"wp-element-caption\">HTL11 Series Tower Online UPS 4-12kVA (110V\/120V\/127V)<\/figcaption><\/figure>\n\n\n\n<figure class=\"wp-block-image size-large\"><img decoding=\"async\" src=\"https:\/\/www.invt.com\/uploads\/img1\/20200408\/5e8de04c0ac2a.jpg\" alt=\"\"\/><figcaption class=\"wp-element-caption\">RML Series In-built Battery Modular Online UPS 12-36kVA(200V\/208V\/220V)<\/figcaption><\/figure>\n\n\n\n<figure class=\"wp-block-image size-large\"><img decoding=\"async\" src=\"https:\/\/www.invt.com\/uploads\/img1\/20200408\/5e8de0138812f.jpg\" alt=\"\"\/><figcaption class=\"wp-element-caption\">RML Series Modular Online UPS 12-120kVA (200V\/208V\/220V)<\/figcaption><\/figure>\n\n\n\n<figure class=\"wp-block-image size-large\"><img decoding=\"async\" src=\"https:\/\/www.invt.com\/uploads\/img1\/20200408\/5e8ddfe109023.jpg\" alt=\"\"\/><figcaption class=\"wp-element-caption\">RML Series Modular Online UPS 15-400kVA (200V\/208V\/220V)<\/figcaption><\/figure>\n<\/figure>\n<\/div>\n<\/div>\n","protected":false},"excerpt":{"rendered":"<p>UPS de 208V y 120V Rango de capacidad 1-400KVA. &nbsp;Caracter\u00edsticas: con alto rendimiento y fiabilidad. Es totalmente controlado por DSP y tecnolog\u00eda PFC para proporcionar un suministro de energ\u00eda confiable a cargas clave. &nbsp;Aplicaci\u00f3n: centro de datos moderno, hospital, oficina, banco, red, estaci\u00f3n de comunicaci\u00f3n de telecomunicaciones, etc. Certificaci\u00f3n: CE, RoHS.<\/p>\n","protected":false},"author":1,"featured_media":0,"parent":0,"menu_order":0,"comment_status":"closed","ping_status":"closed","template":"","meta":{"pagelayer_contact_templates":[],"_pagelayer_content":"","footnotes":""},"class_list":["post-199","page","type-page","status-publish","hentry"],"_links":{"self":[{"href":"https:\/\/ups.cescoto.com\/index.php\/wp-json\/wp\/v2\/pages\/199","targetHints":{"allow":["GET"]}}],"collection":[{"href":"https:\/\/ups.cescoto.com\/index.php\/wp-json\/wp\/v2\/pages"}],"about":[{"href":"https:\/\/ups.cescoto.com\/index.php\/wp-json\/wp\/v2\/types\/page"}],"author":[{"embeddable":true,"href":"https:\/\/ups.cescoto.com\/index.php\/wp-json\/wp\/v2\/users\/1"}],"replies":[{"embeddable":true,"href":"https:\/\/ups.cescoto.com\/index.php\/wp-json\/wp\/v2\/comments?post=199"}],"version-history":[{"count":6,"href":"https:\/\/ups.cescoto.com\/index.php\/wp-json\/wp\/v2\/pages\/199\/revisions"}],"predecessor-version":[{"id":1197,"href":"https:\/\/ups.cescoto.com\/index.php\/wp-json\/wp\/v2\/pages\/199\/revisions\/1197"}],"wp:attachment":[{"href":"https:\/\/ups.cescoto.com\/index.php\/wp-json\/wp\/v2\/media?parent=199"}],"curies":[{"name":"wp","href":"https:\/\/api.w.org\/{rel}","templated":true}]}}