{"id":193,"date":"2022-12-17T23:20:51","date_gmt":"2022-12-18T05:20:51","guid":{"rendered":"https:\/\/www.renewable.c-escoto.com\/wp\/?page_id=193"},"modified":"2023-01-20T13:49:39","modified_gmt":"2023-01-20T19:49:39","slug":"ups-independiente-33","status":"publish","type":"page","link":"https:\/\/ups.cescoto.com\/index.php\/ups-independiente-33\/","title":{"rendered":"UPS Independiente 3:3 380V\/400V\/420"},"content":{"rendered":"\n<h1 class=\"wp-block-heading\">UPS independiente 3: 3<\/h1>\n\n\n\n<p>UPS trif\u00e1sico en l\u00ednea de torre independiente y rack 3: 3 en l\u00ednea, rango de capacidad 10-500KVA. Gabinete del sistema: 10-500KVA, tambi\u00e9n adapta la tecnolog\u00eda modular. Caracter\u00edstica: Ofrece tecnolog\u00eda avanzada que aumenta el rendimiento y la confiabilidad. Los DSP de alta velocidad de tres niveles con control digital completamente garantizan totalmente la alta calidad de la fuente de energ\u00eda, el alto factor de potencia de entrada y la baja distorsi\u00f3n de la corriente de entrada.<\/p>\n\n\n\n<p><a href=\"https:\/\/www.invt.com\/es\/products\/ht33-tx-series-tower-ups-10-40kva-125\"><\/a><\/p>\n\n\n\n<figure class=\"wp-block-gallery has-nested-images columns-default is-cropped wp-block-gallery-1 is-layout-flex wp-block-gallery-is-layout-flex\">\n<figure class=\"wp-block-image size-large\"><img decoding=\"async\" src=\"https:\/\/www.invt.com\/uploads\/img1\/20200408\/5e8ddee85380b.jpg\" alt=\"\"\/><figcaption class=\"wp-element-caption\">HT33-TX Series Tower Online UPS 10-40kVA (380V\/400V\/415V)<\/figcaption><\/figure>\n\n\n\n<figure class=\"wp-block-image size-large\"><img decoding=\"async\" src=\"https:\/\/www.invt.com\/uploads\/img1\/20200408\/5e8ddecc4ad86.jpg\" alt=\"\"\/><figcaption class=\"wp-element-caption\">HT33 Series Tower Online UPS 60-500kVA (380V\/400V\/415V)<\/figcaption><\/figure>\n\n\n\n<figure class=\"wp-block-image size-large\"><img decoding=\"async\" src=\"https:\/\/www.invt.com\/uploads\/img1\/20200408\/5e8ddeb022e01.jpg\" alt=\"\"\/><figcaption class=\"wp-element-caption\">HT33 Series Tower Online UPS 10-40kVA (380V\/400V\/415V)<\/figcaption><\/figure>\n\n\n\n<figure class=\"wp-block-image size-large\"><img decoding=\"async\" src=\"https:\/\/www.invt.com\/uploads\/img1\/20200408\/5e8dde67dadfd.jpg\" alt=\"\"\/><figcaption class=\"wp-element-caption\">HR33 Series Rack Online UPS 10-25kVA (380V\/400V\/415V)<\/figcaption><\/figure>\n<\/figure>\n","protected":false},"excerpt":{"rendered":"<p>UPS independiente 3: 3 UPS trif\u00e1sico en l\u00ednea de torre independiente y rack 3: 3 en l\u00ednea, rango de capacidad 10-500KVA. Gabinete del sistema: 10-500KVA, tambi\u00e9n adapta la tecnolog\u00eda modular. Caracter\u00edstica: Ofrece tecnolog\u00eda avanzada que aumenta el rendimiento y la confiabilidad. Los DSP de alta velocidad de tres niveles con control digital completamente garantizan totalmente [&hellip;]<\/p>\n","protected":false},"author":1,"featured_media":0,"parent":0,"menu_order":0,"comment_status":"closed","ping_status":"closed","template":"","meta":{"pagelayer_contact_templates":[],"_pagelayer_content":"","footnotes":""},"class_list":["post-193","page","type-page","status-publish","hentry"],"_links":{"self":[{"href":"https:\/\/ups.cescoto.com\/index.php\/wp-json\/wp\/v2\/pages\/193","targetHints":{"allow":["GET"]}}],"collection":[{"href":"https:\/\/ups.cescoto.com\/index.php\/wp-json\/wp\/v2\/pages"}],"about":[{"href":"https:\/\/ups.cescoto.com\/index.php\/wp-json\/wp\/v2\/types\/page"}],"author":[{"embeddable":true,"href":"https:\/\/ups.cescoto.com\/index.php\/wp-json\/wp\/v2\/users\/1"}],"replies":[{"embeddable":true,"href":"https:\/\/ups.cescoto.com\/index.php\/wp-json\/wp\/v2\/comments?post=193"}],"version-history":[{"count":4,"href":"https:\/\/ups.cescoto.com\/index.php\/wp-json\/wp\/v2\/pages\/193\/revisions"}],"predecessor-version":[{"id":1203,"href":"https:\/\/ups.cescoto.com\/index.php\/wp-json\/wp\/v2\/pages\/193\/revisions\/1203"}],"wp:attachment":[{"href":"https:\/\/ups.cescoto.com\/index.php\/wp-json\/wp\/v2\/media?parent=193"}],"curies":[{"name":"wp","href":"https:\/\/api.w.org\/{rel}","templated":true}]}}