{"id":180,"date":"2022-12-17T23:07:58","date_gmt":"2022-12-17T23:07:58","guid":{"rendered":"https:\/\/www.renewable.c-escoto.com\/wp\/?page_id=180"},"modified":"2023-05-15T11:54:42","modified_gmt":"2023-05-15T17:54:42","slug":"soluciones-oem-eu","status":"publish","type":"page","link":"https:\/\/ups.cescoto.com\/index.php\/soluciones-oem-eu\/","title":{"rendered":"Soluciones OEM EU"},"content":{"rendered":"\n<p class=\"has-text-align-center has-pale-ocean-gradient-background has-background\"><em><a href=\"https:\/\/automation.cescoto.com\/index.php\/soluciones-oem-eu\/\">Soluciones Fabricantes de Equipo Original OEM &amp; Usuarios Finales EU<\/a><\/em><\/p>\n\n\n\n<div class=\"wp-block-media-text alignwide is-stacked-on-mobile\"><figure class=\"wp-block-media-text__media\"><img decoding=\"async\" src=\"https:\/\/ups.cescoto.com\/wp-content\/uploads\/2023\/01\/Reacondicionamiento-del-elevador-KONE-en-India-Controlador-integrado-inteligente-de-EC160A-de-INVT.jpg\" alt=\"\" class=\"wp-image-1071 size-full\"\/><\/figure><div class=\"wp-block-media-text__content\">\n<p id=\"Ascensores-y-Escaleras-Mec\u00e1nicas\"><a href=\"http:\/\/Ascensores y Escaleras Mec\u00e1nicas\">Ascensores y Escaleras Mec\u00e1nicas<\/a><\/p>\n\n\n\n<p><strong>Resumen:<\/strong><\/p>\n\n\n\n<p>Este documento presenta principalmente el controlador integrado inteligente de EC160A de INVT utilizado para la modernizaci\u00f3n del elevador KONE en la India. Proporciona la soluci\u00f3n de actualizaci\u00f3n detallada para el elevador KNOE y los detalles de puesta en servicio. La pr\u00e1ctica de ingenier\u00eda muestra que el controlador integrado inteligente de EC160A de INVT tiene un buen rendimiento de control y estabilidad en el elevador KNOE.<\/p>\n\n\n\n<p><strong>Palabras clave:<\/strong>&nbsp;EC160A, modernizaci\u00f3n de elevadores KNOE, m\u00e1quina inteligente integrada.<\/p>\n<\/div><\/div>\n\n\n\n<div class=\"wp-block-media-text alignwide is-stacked-on-mobile\"><figure class=\"wp-block-media-text__media\"><img decoding=\"async\" src=\"https:\/\/ups.cescoto.com\/wp-content\/uploads\/2023\/01\/Panel-de-control-paralelo-INV-EC-PI-usado-para-elevador-en-India.jpg\" alt=\"\" class=\"wp-image-1079 size-full\"\/><\/figure><div class=\"wp-block-media-text__content\">\n<p><strong>Resumen:<\/strong>\u00a0Con el progreso continuo de la sociedad y el nivel cada vez mejor de vida de las personas, el ascensor se usa cada vez m\u00e1s. En los \u00faltimos 20 a\u00f1os, el sistema de control en paralelo es muy popular en todo el mundo, y la compa\u00f1\u00eda de ascensores prefiere el sistema en paralelo a otros modos de control. Porque es f\u00e1cil para los t\u00e9cnicos comprender y mantener el elevador. En el edificio bajo (menos de 4 pisos), el sistema de control paralelo puede ahorrar m\u00e1s costos y puede soportar una placa de visualizaci\u00f3n de c\u00f3digo de 7 segmentos sin el protocolo de comunicaci\u00f3n. Ahora INVT lanza la placa de control paralelo EC-PI que puede coincidir con el controlador integrado inteligente EC160 para realizar el sistema de control paralelo.<\/p>\n\n\n\n<p><strong>Palabras clave:<\/strong>&nbsp;Ascensor, sistema de control paralelo, EC-PI, EC-160<\/p>\n<\/div><\/div>\n","protected":false},"excerpt":{"rendered":"<p>Soluciones Fabricantes de Equipo Original OEM &amp; Usuarios Finales EU Ascensores y Escaleras Mec\u00e1nicas Resumen: Este documento presenta principalmente el controlador integrado inteligente de EC160A de INVT utilizado para la modernizaci\u00f3n del elevador KONE en la India. Proporciona la soluci\u00f3n de actualizaci\u00f3n detallada para el elevador KNOE y los detalles de puesta en servicio. La [&hellip;]<\/p>\n","protected":false},"author":1,"featured_media":0,"parent":0,"menu_order":0,"comment_status":"closed","ping_status":"closed","template":"","meta":{"pagelayer_contact_templates":[],"_pagelayer_content":"","footnotes":""},"class_list":["post-180","page","type-page","status-publish","hentry"],"_links":{"self":[{"href":"https:\/\/ups.cescoto.com\/index.php\/wp-json\/wp\/v2\/pages\/180","targetHints":{"allow":["GET"]}}],"collection":[{"href":"https:\/\/ups.cescoto.com\/index.php\/wp-json\/wp\/v2\/pages"}],"about":[{"href":"https:\/\/ups.cescoto.com\/index.php\/wp-json\/wp\/v2\/types\/page"}],"author":[{"embeddable":true,"href":"https:\/\/ups.cescoto.com\/index.php\/wp-json\/wp\/v2\/users\/1"}],"replies":[{"embeddable":true,"href":"https:\/\/ups.cescoto.com\/index.php\/wp-json\/wp\/v2\/comments?post=180"}],"version-history":[{"count":10,"href":"https:\/\/ups.cescoto.com\/index.php\/wp-json\/wp\/v2\/pages\/180\/revisions"}],"predecessor-version":[{"id":2189,"href":"https:\/\/ups.cescoto.com\/index.php\/wp-json\/wp\/v2\/pages\/180\/revisions\/2189"}],"wp:attachment":[{"href":"https:\/\/ups.cescoto.com\/index.php\/wp-json\/wp\/v2\/media?parent=180"}],"curies":[{"name":"wp","href":"https:\/\/api.w.org\/{rel}","templated":true}]}}